{"id":29,"date":"2019-10-14T12:28:42","date_gmt":"2019-10-14T11:28:42","guid":{"rendered":"http:\/\/aubeterre.de\/?page_id=29"},"modified":"2019-10-14T13:39:10","modified_gmt":"2019-10-14T12:39:10","slug":"impressum-datenschutzerklaerung","status":"publish","type":"page","link":"https:\/\/aubeterre.de\/?page_id=29","title":{"rendered":"Impressum\/Datenschutzerkl\u00e4rung"},"content":{"rendered":"\n<p><strong>Impressum<\/strong><\/p>\n\n\n\n<p>16390 Die\nAubeterreliebhaber<br>\nLandgrafenstr. 131<br>\n44139 Dortmund<\/p>\n\n\n\n<p>Telefon:  0157-37105118 <br> E-Mail:\u00a0<a href=\"mailto:16390@aubeterre.de\">16390@aubeterre.de<\/a><\/p>\n\n\n\n<p><strong>Vertreten\ndurch:<\/strong><br>\nDen Vorsitzenden<\/p>\n\n\n\n<p><strong>Disclaimer \u2013 rechtliche Hinweise<\/strong><\/p>\n\n\n\n<p>\u00a7 1 Warnhinweis zu\nInhalten<br>\nDie kostenlosen und frei zug\u00e4nglichen Inhalte\ndieser Webseite wurden mit gr\u00f6\u00dftm\u00f6glicher Sorgfalt erstellt. Der Anbieter\ndieser Webseite \u00fcbernimmt jedoch keine Gew\u00e4hr f\u00fcr die Richtigkeit und\nAktualit\u00e4t der bereitgestellten kostenlosen und frei zug\u00e4nglichen\njournalistischen Ratgeber und Nachrichten. Namentlich gekennzeichnete Beitr\u00e4ge\ngeben die Meinung des jeweiligen Autors und nicht immer die Meinung des\nAnbieters wieder. Allein durch den Aufruf der kostenlosen und frei zug\u00e4nglichen\nInhalte kommt keinerlei Vertragsverh\u00e4ltnis zwischen dem Nutzer und dem Anbieter\nzustande, insoweit fehlt es am Rechtsbindungswillen des Anbieters.<br>\n<br>\n\u00a7 2 Externe Links<br>\nDiese Website enth\u00e4lt Verkn\u00fcpfungen zu Websites\nDritter (&#8222;externe Links&#8220;). Diese Websites unterliegen der Haftung der\njeweiligen Betreiber. Der Anbieter hat bei der erstmaligen Verkn\u00fcpfung der\nexternen Links die fremden Inhalte daraufhin \u00fcberpr\u00fcft, ob etwaige\nRechtsverst\u00f6\u00dfe bestehen. Zu dem Zeitpunkt waren keine Rechtsverst\u00f6\u00dfe\nersichtlich. Der Anbieter hat keinerlei Einfluss auf die aktuelle und\nzuk\u00fcnftige Gestaltung und auf die Inhalte der verkn\u00fcpften Seiten. Das Setzen\nvon externen Links bedeutet nicht, dass sich der Anbieter die hinter dem\nVerweis oder Link liegenden Inhalte zu Eigen macht. Eine st\u00e4ndige Kontrolle der\nexternen Links ist f\u00fcr den Anbieter ohne konkrete Hinweise auf Rechtsverst\u00f6\u00dfe\nnicht zumutbar. Bei Kenntnis von Rechtsverst\u00f6\u00dfen werden jedoch derartige\nexterne Links unverz\u00fcglich gel\u00f6scht.<br>\n<br>\n\u00a7 3 Urheber- und Leistungsschutzrechte<br>\nDie auf dieser Website ver\u00f6ffentlichten Inhalte\nunterliegen dem deutschen Urheber- und Leistungsschutzrecht. Jede vom deutschen\nUrheber- und Leistungsschutzrecht nicht zugelassene Verwertung bedarf der\nvorherigen schriftlichen Zustimmung des Anbieters oder jeweiligen\nRechteinhabers. Dies gilt insbesondere f\u00fcr Vervielf\u00e4ltigung, Bearbeitung,\n\u00dcbersetzung, Einspeicherung, Verarbeitung bzw. Wiedergabe von Inhalten in\nDatenbanken oder anderen elektronischen Medien und Systemen. Inhalte und Rechte\nDritter sind dabei als solche gekennzeichnet. Die unerlaubte Vervielf\u00e4ltigung\noder Weitergabe einzelner Inhalte oder kompletter Seiten ist nicht gestattet\nund strafbar. Lediglich die Herstellung von Kopien und Downloads f\u00fcr den\npers\u00f6nlichen, privaten und nicht kommerziellen Gebrauch ist erlaubt.<br>\n<br>\nDie Darstellung dieser Website in fremden Frames\nist nur mit schriftlicher Erlaubnis zul\u00e4ssig.<br>\n<br>\n\u00a7 4 Besondere Nutzungsbedingungen<br>\nSoweit besondere Bedingungen f\u00fcr einzelne\nNutzungen dieser Website von den vorgenannten Paragraphen abweichen, wird an\nentsprechender Stelle ausdr\u00fccklich darauf hingewiesen. In diesem Falle gelten\nim jeweiligen Einzelfall die besonderen Nutzungsbedingungen.<\/p>\n\n\n\n<p>Quelle:&nbsp;<a href=\"https:\/\/www.juraforum.de\/impressum-generator\/\">Impressum\nGenerator von JuraForum.de<\/a><\/p>\n\n\n\n<h2 class=\"wp-block-heading\">Datenschutzerkl\u00e4rung<\/h2>\n\n\n\n<h2 class=\"wp-block-heading\">Wer wir sind<\/h2>\n\n\n\n<p>Die Adresse unserer Website ist: https:\/\/aubeterre.de.<\/p>\n\n\n\n<h2 class=\"wp-block-heading\">Welche personenbezogenen Daten wir sammeln und warum wir sie sammeln<\/h2>\n\n\n\n<p><strong><em>Wir sammeln keine dieser Daten!<\/em><\/strong><\/p>\n\n\n\n<h3 class=\"wp-block-heading\">Kommentare<\/h3>\n\n\n\n<p><strong><em>Wir lassen keine Kommentare zu.<\/em><\/strong><\/p>\n\n\n\n<h3 class=\"wp-block-heading\">Cookies<\/h3>\n\n\n\n<p>Wenn du einen Kommentar auf unserer Website schreibst, kann das eine Einwilligung sein, deinen Namen, E-Mail-Adresse und Website in Cookies zu speichern. Dies ist eine Komfortfunktion, damit du nicht, wenn du einen weiteren Kommentar schreibst, all diese Daten erneut eingeben musst. Diese Cookies werden ein Jahr lang gespeichert.<\/p>\n\n\n\n<p>Falls du ein Konto hast und dich auf dieser Website anmeldest, werden wir ein tempor\u00e4res Cookie setzen, um festzustellen, ob dein Browser Cookies akzeptiert. Dieses Cookie enth\u00e4lt keine personenbezogenen Daten und wird verworfen, wenn du deinen Browser schlie\u00dft.<\/p>\n\n\n\n<p>Wenn du dich anmeldest, werden wir einige Cookies einrichten, um deine Anmeldeinformationen und Anzeigeoptionen zu speichern. Anmelde-Cookies verfallen nach zwei Tagen und Cookies f\u00fcr die Anzeigeoptionen nach einem Jahr. Falls du bei der Anmeldung \u201eAngemeldet bleiben\u201c ausw\u00e4hlst, wird deine Anmeldung zwei Wochen lang aufrechterhalten. Mit der Abmeldung aus deinem Konto werden die Anmelde-Cookies gel\u00f6scht.<\/p>\n\n\n\n<p>Wenn du einen Artikel bearbeitest oder ver\u00f6ffentlichst, wird ein zus\u00e4tzlicher Cookie in deinem Browser gespeichert. Dieser Cookie enth\u00e4lt keine personenbezogenen Daten und verweist nur auf die Beitrags-ID des Artikels, den du gerade bearbeitet hast. Der Cookie verf\u00e4llt nach einem Tag.<\/p>\n\n\n\n<h3 class=\"wp-block-heading\">Eingebettete Inhalte von anderen Websites<\/h3>\n\n\n\n<p>Beitr\u00e4ge auf dieser Website k\u00f6nnen eingebettete Inhalte beinhalten (z.&nbsp;B. Videos, Bilder, Beitr\u00e4ge etc.). Eingebettete Inhalte von anderen Websites verhalten sich exakt so, als ob der Besucher die andere Website besucht h\u00e4tte.<\/p>\n\n\n\n<p>Diese Websites k\u00f6nnen Daten \u00fcber dich sammeln, Cookies benutzen, zus\u00e4tzliche Tracking-Dienste von Dritten einbetten und deine Interaktion mit diesem eingebetteten Inhalt aufzeichnen, inklusive deiner Interaktion mit dem eingebetteten Inhalt, falls du ein Konto hast und auf dieser Website angemeldet bist.<\/p>\n\n\n\n<h3 class=\"wp-block-heading\">Analysedienste<\/h3>\n\n\n\n<p><strong><em>Diese Dienste nutzen wir nicht<\/em><\/strong><\/p>\n\n\n\n<h2 class=\"wp-block-heading\">Mit wem wir deine Daten teilen<\/h2>\n\n\n\n<p><strong><em>Wir geben keine Daten weiter.<\/em><\/strong><\/p>\n\n\n\n<h2 class=\"wp-block-heading\">Wie lange wir deine Daten speichern<\/h2>\n\n\n\n<p>Wenn du einen Kommentar schreibst, wird dieser inklusive Metadaten zeitlich unbegrenzt gespeichert. Auf diese Art k\u00f6nnen wir Folgekommentare automatisch erkennen und freigeben, anstelle sie in einer Moderations-Warteschlange festzuhalten.<\/p>\n\n\n\n<p><strong><em>Zzt. lassen wir keine Kommentare zu!<\/em><\/strong><\/p>\n\n\n\n<p>F\u00fcr Benutzer, die sich auf unserer Website registrieren, speichern wir zus\u00e4tzlich die pers\u00f6nlichen Informationen, die sie in ihren Benutzerprofilen angeben. Alle Benutzer k\u00f6nnen jederzeit ihre pers\u00f6nlichen Informationen einsehen, ver\u00e4ndern oder l\u00f6schen (der Benutzername kann nicht ver\u00e4ndert werden). Administratoren der Website k\u00f6nnen diese Informationen ebenfalls einsehen und ver\u00e4ndern.<\/p>\n\n\n\n<h2 class=\"wp-block-heading\">Welche Rechte du an deinen Daten hast<\/h2>\n\n\n\n<p><strong><em>Zzt. lassen wir keine Konten erstellen!<\/em><\/strong><\/p>\n\n\n\n<p>Wenn du ein Konto auf dieser Website besitzt oder Kommentare geschrieben hast, kannst du einen Export deiner personenbezogenen Daten bei uns anfordern, inklusive aller Daten, die du uns mitgeteilt hast. Dar\u00fcber hinaus kannst du die L\u00f6schung aller personenbezogenen Daten, die wir von dir gespeichert haben, anfordern. Dies umfasst nicht die Daten, die wir aufgrund administrativer, rechtlicher oder sicherheitsrelevanter Notwendigkeiten aufbewahren m\u00fcssen.<\/p>\n","protected":false},"excerpt":{"rendered":"<p>Impressum 16390 Die Aubeterreliebhaber Landgrafenstr. 131 44139 Dortmund Telefon: 0157-37105118 E-Mail:\u00a016390@aubeterre.de Vertreten durch: Den Vorsitzenden Disclaimer \u2013 rechtliche Hinweise \u00a7 1 Warnhinweis zu Inhalten Die kostenlosen und frei zug\u00e4nglichen Inhalte dieser Webseite wurden mit gr\u00f6\u00dftm\u00f6glicher Sorgfalt erstellt. Der Anbieter dieser Webseite \u00fcbernimmt jedoch keine Gew\u00e4hr f\u00fcr die Richtigkeit und Aktualit\u00e4t der bereitgestellten kostenlosen und frei &hellip; <\/p>\n<p class=\"link-more\"><a href=\"https:\/\/aubeterre.de\/?page_id=29\" class=\"more-link\"><span class=\"screen-reader-text\">\u201eImpressum\/Datenschutzerkl\u00e4rung\u201c<\/span> weiterlesen<\/a><\/p>\n","protected":false},"author":1,"featured_media":0,"parent":0,"menu_order":0,"comment_status":"closed","ping_status":"closed","template":"","meta":{"footnotes":""},"class_list":["post-29","page","type-page","status-publish","hentry"],"_links":{"self":[{"href":"https:\/\/aubeterre.de\/index.php?rest_route=\/wp\/v2\/pages\/29"}],"collection":[{"href":"https:\/\/aubeterre.de\/index.php?rest_route=\/wp\/v2\/pages"}],"about":[{"href":"https:\/\/aubeterre.de\/index.php?rest_route=\/wp\/v2\/types\/page"}],"author":[{"embeddable":true,"href":"https:\/\/aubeterre.de\/index.php?rest_route=\/wp\/v2\/users\/1"}],"replies":[{"embeddable":true,"href":"https:\/\/aubeterre.de\/index.php?rest_route=%2Fwp%2Fv2%2Fcomments&post=29"}],"version-history":[{"count":2,"href":"https:\/\/aubeterre.de\/index.php?rest_route=\/wp\/v2\/pages\/29\/revisions"}],"predecessor-version":[{"id":37,"href":"https:\/\/aubeterre.de\/index.php?rest_route=\/wp\/v2\/pages\/29\/revisions\/37"}],"wp:attachment":[{"href":"https:\/\/aubeterre.de\/index.php?rest_route=%2Fwp%2Fv2%2Fmedia&parent=29"}],"curies":[{"name":"wp","href":"https:\/\/api.w.org\/{rel}","templated":true}]}}